{"id":17,"date":"2024-04-16T12:09:50","date_gmt":"2024-04-16T10:09:50","guid":{"rendered":"https:\/\/a29987.mguro.sde.dk\/?page_id=17"},"modified":"2025-10-13T10:30:08","modified_gmt":"2025-10-13T08:30:08","slug":"forside","status":"publish","type":"page","link":"https:\/\/a29987.mguro.sde.dk\/","title":{"rendered":"Forside"},"content":{"rendered":"\t\t<div data-elementor-type=\"wp-page\" data-elementor-id=\"17\" class=\"elementor elementor-17\">\n\t\t\t\t<div class=\"elementor-element elementor-element-923590f e-flex e-con-boxed e-con e-parent\" data-id=\"923590f\" data-element_type=\"container\" data-settings=\"{&quot;background_background&quot;:&quot;classic&quot;}\">\n\t\t\t\t\t<div class=\"e-con-inner\">\n\t\t\t\t<div class=\"elementor-element elementor-element-7b2987d elementor-widget elementor-widget-image\" data-id=\"7b2987d\" data-element_type=\"widget\" data-widget_type=\"image.default\">\n\t\t\t\t<div class=\"elementor-widget-container\">\n\t\t\t\t\t\t\t\t\t\t\t\t\t<img fetchpriority=\"high\" decoding=\"async\" width=\"1024\" height=\"1022\" src=\"https:\/\/a29987.mguro.sde.dk\/wp-content\/uploads\/2025\/10\/logo-1024x1022.png\" class=\"attachment-large size-large wp-image-460\" alt=\"\" srcset=\"https:\/\/a29987.mguro.sde.dk\/wp-content\/uploads\/2025\/10\/logo-1024x1022.png 1024w, https:\/\/a29987.mguro.sde.dk\/wp-content\/uploads\/2025\/10\/logo-300x300.png 300w, https:\/\/a29987.mguro.sde.dk\/wp-content\/uploads\/2025\/10\/logo-150x150.png 150w, https:\/\/a29987.mguro.sde.dk\/wp-content\/uploads\/2025\/10\/logo-768x766.png 768w, https:\/\/a29987.mguro.sde.dk\/wp-content\/uploads\/2025\/10\/logo.png 1279w\" sizes=\"(max-width: 1024px) 100vw, 1024px\" \/>\t\t\t\t\t\t\t\t\t\t\t\t\t<\/div>\n\t\t\t\t<\/div>\n\t\t\t\t\t<\/div>\n\t\t\t\t<\/div>\n\t\t<div class=\"elementor-element elementor-element-1325ee7 e-flex e-con-boxed e-con e-parent\" data-id=\"1325ee7\" data-element_type=\"container\">\n\t\t\t\t\t<div class=\"e-con-inner\">\n\t\t<div class=\"elementor-element elementor-element-0626897 e-con-full e-flex e-con e-child\" data-id=\"0626897\" data-element_type=\"container\">\n\t\t\t\t<div class=\"elementor-element elementor-element-686af3f elementor-widget elementor-widget-text-editor\" data-id=\"686af3f\" data-element_type=\"widget\" data-widget_type=\"text-editor.default\">\n\t\t\t\t<div class=\"elementor-widget-container\">\n\t\t\t\t\t\t\t<p><span class=\"OYPEnA text-decoration-none text-strikethrough-none\" style=\"color: #ffffff;\">Lige nu er jeg ved at uddanne mig til grafisk designer p\u00e5 SDE (syddansk erhvervsskole), jeg har best\u00e5et grundforl\u00f8b 2 og skal derfor i skoleopl\u00e6ringen mens jeg s\u00f8ger efter en l\u00e6replads. Jeg vil v\u00e6re f\u00e6rdig med min uddannelse i 2027 med en svendepr\u00f8ve, hvis alt g\u00e5r efter planen. Jeg er kreativ, l\u00e6renem og nysgerrig p\u00e5 faget og p\u00e5 at pr\u00f8ve nye ting. Det, der motiverer mig, er at se et f\u00e6rdigt produkt som jeg kan v\u00e6re stolt af, men hele processen med at lave noget grafisk interessere mig ogs\u00e5 og jeg er parat til at finde ud af hvordan jeg kan optimere min egen fremgangsm\u00e5de. I min fritid er jeg spejder og det har jeg v\u00e6ret i 8 \u00e5r. Min tid som spejder har givet mig refleksionsevner og l\u00e6rt mig, hvordan man skal v\u00e6re vedholdende og t\u00e6nke ud af boksen.<\/span><\/p>\t\t\t\t\t\t<\/div>\n\t\t\t\t<\/div>\n\t\t\t\t<\/div>\n\t\t<div class=\"elementor-element elementor-element-35e92a4 e-con-full e-flex e-con e-child\" data-id=\"35e92a4\" data-element_type=\"container\">\n\t\t\t\t<div class=\"elementor-element elementor-element-bee3baf elementor-widget elementor-widget-image\" data-id=\"bee3baf\" data-element_type=\"widget\" data-widget_type=\"image.default\">\n\t\t\t\t<div class=\"elementor-widget-container\">\n\t\t\t\t\t\t\t\t\t\t\t\t\t<img decoding=\"async\" width=\"876\" height=\"1024\" src=\"https:\/\/a29987.mguro.sde.dk\/wp-content\/uploads\/2024\/04\/IMG_0030-876x1024.jpg\" class=\"attachment-large size-large wp-image-34\" alt=\"\" srcset=\"https:\/\/a29987.mguro.sde.dk\/wp-content\/uploads\/2024\/04\/IMG_0030-876x1024.jpg 876w, https:\/\/a29987.mguro.sde.dk\/wp-content\/uploads\/2024\/04\/IMG_0030-257x300.jpg 257w, https:\/\/a29987.mguro.sde.dk\/wp-content\/uploads\/2024\/04\/IMG_0030-768x897.jpg 768w, https:\/\/a29987.mguro.sde.dk\/wp-content\/uploads\/2024\/04\/IMG_0030-1314x1536.jpg 1314w, https:\/\/a29987.mguro.sde.dk\/wp-content\/uploads\/2024\/04\/IMG_0030-1753x2048.jpg 1753w\" sizes=\"(max-width: 876px) 100vw, 876px\" \/>\t\t\t\t\t\t\t\t\t\t\t\t\t<\/div>\n\t\t\t\t<\/div>\n\t\t\t\t<\/div>\n\t\t\t\t\t<\/div>\n\t\t\t\t<\/div>\n\t\t<div class=\"elementor-element elementor-element-a0b3d0b e-flex e-con-boxed e-con e-parent\" data-id=\"a0b3d0b\" data-element_type=\"container\">\n\t\t\t\t\t<div class=\"e-con-inner\">\n\t\t\t\t<div class=\"elementor-element elementor-element-3b75c7c elementor-widget elementor-widget-text-editor\" data-id=\"3b75c7c\" data-element_type=\"widget\" data-widget_type=\"text-editor.default\">\n\t\t\t\t<div class=\"elementor-widget-container\">\n\t\t\t\t\t\t\t<p>Her kan du se nogle a mine tidligere projekter<\/p>\t\t\t\t\t\t<\/div>\n\t\t\t\t<\/div>\n\t\t\t\t\t<\/div>\n\t\t\t\t<\/div>\n\t\t<div class=\"elementor-element elementor-element-6d1bd55 e-flex e-con-boxed e-con e-parent\" data-id=\"6d1bd55\" data-element_type=\"container\">\n\t\t\t\t\t<div class=\"e-con-inner\">\n\t\t<div class=\"elementor-element elementor-element-0fb7ddb e-con-full e-flex e-con e-child\" data-id=\"0fb7ddb\" data-element_type=\"container\">\n\t\t\t\t<div class=\"elementor-element elementor-element-63f1c4a elementor-widget elementor-widget-image\" data-id=\"63f1c4a\" data-element_type=\"widget\" data-widget_type=\"image.default\">\n\t\t\t\t<div class=\"elementor-widget-container\">\n\t\t\t\t\t\t\t\t\t\t\t\t\t<img decoding=\"async\" width=\"1024\" height=\"599\" src=\"https:\/\/a29987.mguro.sde.dk\/wp-content\/uploads\/2024\/04\/test-1-kopi-1024x599.png\" class=\"attachment-large size-large wp-image-304\" alt=\"\" srcset=\"https:\/\/a29987.mguro.sde.dk\/wp-content\/uploads\/2024\/04\/test-1-kopi-1024x599.png 1024w, https:\/\/a29987.mguro.sde.dk\/wp-content\/uploads\/2024\/04\/test-1-kopi-300x175.png 300w, https:\/\/a29987.mguro.sde.dk\/wp-content\/uploads\/2024\/04\/test-1-kopi-768x449.png 768w, https:\/\/a29987.mguro.sde.dk\/wp-content\/uploads\/2024\/04\/test-1-kopi-1536x898.png 1536w, https:\/\/a29987.mguro.sde.dk\/wp-content\/uploads\/2024\/04\/test-1-kopi.png 1890w\" sizes=\"(max-width: 1024px) 100vw, 1024px\" \/>\t\t\t\t\t\t\t\t\t\t\t\t\t<\/div>\n\t\t\t\t<\/div>\n\t\t\t\t<\/div>\n\t\t<div class=\"elementor-element elementor-element-bee8737 e-con-full e-flex e-con e-child\" data-id=\"bee8737\" data-element_type=\"container\">\n\t\t\t\t<div class=\"elementor-element elementor-element-b2b1a73 elementor-widget elementor-widget-image\" data-id=\"b2b1a73\" data-element_type=\"widget\" data-widget_type=\"image.default\">\n\t\t\t\t<div class=\"elementor-widget-container\">\n\t\t\t\t\t\t\t\t\t\t\t\t\t<img loading=\"lazy\" decoding=\"async\" width=\"1024\" height=\"724\" src=\"https:\/\/a29987.mguro.sde.dk\/wp-content\/uploads\/2024\/04\/ras-forside-3.3-kopi-1024x724.jpg\" class=\"attachment-large size-large wp-image-291\" alt=\"\" srcset=\"https:\/\/a29987.mguro.sde.dk\/wp-content\/uploads\/2024\/04\/ras-forside-3.3-kopi-1024x724.jpg 1024w, https:\/\/a29987.mguro.sde.dk\/wp-content\/uploads\/2024\/04\/ras-forside-3.3-kopi-300x212.jpg 300w, https:\/\/a29987.mguro.sde.dk\/wp-content\/uploads\/2024\/04\/ras-forside-3.3-kopi-768x543.jpg 768w\" sizes=\"(max-width: 1024px) 100vw, 1024px\" \/>\t\t\t\t\t\t\t\t\t\t\t\t\t<\/div>\n\t\t\t\t<\/div>\n\t\t\t\t<\/div>\n\t\t<div class=\"elementor-element elementor-element-f2d3008 e-con-full e-flex e-con e-child\" data-id=\"f2d3008\" data-element_type=\"container\">\n\t\t\t\t<div class=\"elementor-element elementor-element-fc66191 elementor-widget elementor-widget-image\" data-id=\"fc66191\" data-element_type=\"widget\" data-widget_type=\"image.default\">\n\t\t\t\t<div class=\"elementor-widget-container\">\n\t\t\t\t\t\t\t\t\t\t\t\t\t<img loading=\"lazy\" decoding=\"async\" width=\"259\" height=\"174\" src=\"https:\/\/a29987.mguro.sde.dk\/wp-content\/uploads\/2024\/04\/Artboard-4.png\" class=\"attachment-large size-large wp-image-42\" alt=\"\" \/>\t\t\t\t\t\t\t\t\t\t\t\t\t<\/div>\n\t\t\t\t<\/div>\n\t\t\t\t<\/div>\n\t\t\t\t\t<\/div>\n\t\t\t\t<\/div>\n\t\t<div class=\"elementor-element elementor-element-cfb1888 e-flex e-con-boxed e-con e-parent\" data-id=\"cfb1888\" data-element_type=\"container\">\n\t\t\t\t\t<div class=\"e-con-inner\">\n\t\t\t\t<div class=\"elementor-element elementor-element-64ae88d elementor-drop-cap-yes elementor-drop-cap-view-default elementor-widget elementor-widget-text-editor\" data-id=\"64ae88d\" data-element_type=\"widget\" data-settings=\"{&quot;drop_cap&quot;:&quot;yes&quot;}\" data-widget_type=\"text-editor.default\">\n\t\t\t\t<div class=\"elementor-widget-container\">\n\t\t\t\t\t\t\t<p dir=\"ltr\" style=\"line-height: 1.38; margin-top: 0pt; margin-bottom: 0pt;\"><span style=\"font-size: 11pt; font-family: Arial,sans-serif; color: #000000; background-color: transparent; font-weight: 400; font-style: normal; font-variant: normal; text-decoration: none; vertical-align: baseline; white-space: pre-wrap;\">Kontakt mig:<\/span><b id=\"docs-internal-guid-a945d8fc-7fff-9c33-86a1-3be09618b075\" style=\"font-weight: normal;\"><\/b><\/p>\n<p dir=\"ltr\" style=\"line-height: 1.38; margin-top: 0pt; margin-bottom: 0pt;\"><span style=\"font-size: 11pt; font-family: Arial,sans-serif; color: #000000; background-color: transparent; font-weight: 400; font-style: normal; font-variant: normal; text-decoration: none; vertical-align: baseline; white-space: pre-wrap;\">alexander@vindfrost.dk<\/span><\/p>\n<p dir=\"ltr\" style=\"line-height: 1.38; margin-top: 0pt; margin-bottom: 0pt;\"><span style=\"font-size: 11pt; font-family: Arial,sans-serif; color: #000000; background-color: transparent; font-weight: 400; font-style: normal; font-variant: normal; text-decoration: none; vertical-align: baseline; white-space: pre-wrap;\">+45 51 86 14 86<\/span><\/p>\n\n<div><\/div>\t\t\t\t\t\t<\/div>\n\t\t\t\t<\/div>\n\t\t\t\t\t<\/div>\n\t\t\t\t<\/div>\n\t\t\t\t<\/div>\n\t\t","protected":false},"excerpt":{"rendered":"<p>Lige nu er jeg ved at uddanne mig til grafisk designer p\u00e5 SDE (syddansk erhvervsskole), jeg har best\u00e5et grundforl\u00f8b 2 [&hellip;]<\/p>\n","protected":false},"author":1,"featured_media":0,"parent":0,"menu_order":0,"comment_status":"closed","ping_status":"closed","template":"","meta":{"site-sidebar-layout":"no-sidebar","site-content-layout":"","ast-site-content-layout":"full-width-container","site-content-style":"default","site-sidebar-style":"default","ast-global-header-display":"","ast-banner-title-visibility":"","ast-main-header-display":"","ast-hfb-above-header-display":"","ast-hfb-below-header-display":"","ast-hfb-mobile-header-display":"","site-post-title":"disabled","ast-breadcrumbs-content":"","ast-featured-img":"disabled","footer-sml-layout":"","theme-transparent-header-meta":"","adv-header-id-meta":"","stick-header-meta":"","header-above-stick-meta":"","header-main-stick-meta":"","header-below-stick-meta":"","astra-migrate-meta-layouts":"default","ast-page-background-enabled":"default","ast-page-background-meta":{"desktop":{"background-color":"var(--ast-global-color-4)","background-image":"","background-repeat":"repeat","background-position":"center center","background-size":"auto","background-attachment":"scroll","background-type":"","background-media":"","overlay-type":"","overlay-color":"","overlay-opacity":"","overlay-gradient":""},"tablet":{"background-color":"","background-image":"","background-repeat":"repeat","background-position":"center center","background-size":"auto","background-attachment":"scroll","background-type":"","background-media":"","overlay-type":"","overlay-color":"","overlay-opacity":"","overlay-gradient":""},"mobile":{"background-color":"","background-image":"","background-repeat":"repeat","background-position":"center center","background-size":"auto","background-attachment":"scroll","background-type":"","background-media":"","overlay-type":"","overlay-color":"","overlay-opacity":"","overlay-gradient":""}},"ast-content-background-meta":{"desktop":{"background-color":"var(--ast-global-color-5)","background-image":"","background-repeat":"repeat","background-position":"center center","background-size":"auto","background-attachment":"scroll","background-type":"","background-media":"","overlay-type":"","overlay-color":"","overlay-opacity":"","overlay-gradient":""},"tablet":{"background-color":"var(--ast-global-color-5)","background-image":"","background-repeat":"repeat","background-position":"center center","background-size":"auto","background-attachment":"scroll","background-type":"","background-media":"","overlay-type":"","overlay-color":"","overlay-opacity":"","overlay-gradient":""},"mobile":{"background-color":"var(--ast-global-color-5)","background-image":"","background-repeat":"repeat","background-position":"center center","background-size":"auto","background-attachment":"scroll","background-type":"","background-media":"","overlay-type":"","overlay-color":"","overlay-opacity":"","overlay-gradient":""}},"footnotes":""},"class_list":["post-17","page","type-page","status-publish","hentry"],"_links":{"self":[{"href":"https:\/\/a29987.mguro.sde.dk\/index.php?rest_route=\/wp\/v2\/pages\/17"}],"collection":[{"href":"https:\/\/a29987.mguro.sde.dk\/index.php?rest_route=\/wp\/v2\/pages"}],"about":[{"href":"https:\/\/a29987.mguro.sde.dk\/index.php?rest_route=\/wp\/v2\/types\/page"}],"author":[{"embeddable":true,"href":"https:\/\/a29987.mguro.sde.dk\/index.php?rest_route=\/wp\/v2\/users\/1"}],"replies":[{"embeddable":true,"href":"https:\/\/a29987.mguro.sde.dk\/index.php?rest_route=%2Fwp%2Fv2%2Fcomments&post=17"}],"version-history":[{"count":73,"href":"https:\/\/a29987.mguro.sde.dk\/index.php?rest_route=\/wp\/v2\/pages\/17\/revisions"}],"predecessor-version":[{"id":463,"href":"https:\/\/a29987.mguro.sde.dk\/index.php?rest_route=\/wp\/v2\/pages\/17\/revisions\/463"}],"wp:attachment":[{"href":"https:\/\/a29987.mguro.sde.dk\/index.php?rest_route=%2Fwp%2Fv2%2Fmedia&parent=17"}],"curies":[{"name":"wp","href":"https:\/\/api.w.org\/{rel}","templated":true}]}}